{"id":101,"date":"2024-05-29T12:15:36","date_gmt":"2024-05-29T12:15:36","guid":{"rendered":"https:\/\/zahnprothesenreparatur-centrodental.ch\/?page_id=101"},"modified":"2025-10-22T16:40:53","modified_gmt":"2025-10-22T16:40:53","slug":"impressum","status":"publish","type":"page","link":"https:\/\/zahnprothesenreparatur-centrodental.ch\/fr\/impressum\/","title":{"rendered":"Mention l\u00e9gales"},"content":{"rendered":"<p>[et_pb_section fb_built=&#187;1&#8243; custom_padding_last_edited=&#187;on|phone&#187; _builder_version=&#187;4.27.4&#8243; _module_preset=&#187;default&#187; background_color=&#187;RGBA(255,255,255,0)&#187; custom_padding_tablet=&#187;0px||0px||true|false&#187; custom_padding_phone=&#187;0px||0px||true|false&#187; global_colors_info=&#187;{}&#187;][et_pb_row _builder_version=&#187;4.27.2&#8243; _module_preset=&#187;default&#187; width_tablet=&#187;90%&#187; width_phone=&#187;90%&#187; width_last_edited=&#187;on|phone&#187; global_colors_info=&#187;{}&#187;][et_pb_column type=&#187;4_4&#8243; _builder_version=&#187;4.18.1&#8243; _module_preset=&#187;default&#187; global_colors_info=&#187;{}&#187;][et_pb_text _builder_version=&#187;4.27.4&#8243; _module_preset=&#187;default&#187; header_font=&#187;&#8211;et_global_heading_font|600|||||||&#187; header_text_color=&#187;gcid-heading-color&#187; header_2_font=&#187;&#8211;et_global_heading_font|600|||||||&#187; header_2_font_size=&#187;36px&#187; custom_margin=&#187;||||false|false&#187; header_font_size_tablet=&#187;36px&#187; header_font_size_phone=&#187;30px&#187; header_font_size_last_edited=&#187;on|desktop&#187; header_2_font_size_tablet=&#187;36px&#187; header_2_font_size_phone=&#187;30px&#187; header_2_font_size_last_edited=&#187;on|phone&#187; global_colors_info=&#187;{%22gcid-heading-color%22:%91%22header_text_color%22%93,%22gcid-e6f8585f-043d-4f05-ad96-fb05b9e45208%22:%91%22text_text_color%22%93,%22gcid-bfd9b167-903b-4119-bac5-4697deea09b1%22:%91%22header_text_color%22%93}&#187;]<\/p>\n<h1>Impressum<\/h1>\n<p>[\/et_pb_text][et_pb_text _builder_version=&#187;4.27.4&#8243; _module_preset=&#187;default&#187; text_font=&#187;&#8211;et_global_body_font||||||||&#187; text_text_color=&#187;gcid-body-color&#187; link_text_color=&#187;gcid-body-color&#187; header_4_font=&#187;&#8211;et_global_heading_font|600|||||||&#187; header_4_text_color=&#187;gcid-body-color&#187; header_4_font_size=&#187;22px&#187; text_font_size_tablet=&#187;&#187; text_font_size_phone=&#187;16px&#187; text_font_size_last_edited=&#187;on|phone&#187; header_4_font_size_tablet=&#187;20px&#187; header_4_font_size_phone=&#187;18px&#187; header_4_font_size_last_edited=&#187;on|phone&#187; text_orientation_tablet=&#187;center&#187; text_orientation_phone=&#187;center&#187; text_orientation_last_edited=&#187;on|phone&#187; global_colors_info=&#187;{%22gcid-body-color%22:%91%22text_text_color%22,%22link_text_color%22,%22header_4_text_color%22%93,%22gcid-primary-color%22:%91%22link_text_color__hover%22%93,%22gcid-e6f8585f-043d-4f05-ad96-fb05b9e45208%22:%91%22text_text_color%22,%22link_text_color%22%93,%22gcid-e8a3ba6f-afe8-4de5-8945-bb681412489e%22:%91%22link_text_color__hover%22%93}&#187; link_text_color__hover_enabled=&#187;on|desktop&#187; link_text_color__hover=&#187;#c8d400&#8243;]<\/p>\n<p><strong>Centrodental GmbH<\/strong><br \/><a href=\"https:\/\/maps.app.goo.gl\/UGmW1oLYFnEBWMKi9\">Bahnhofstrasse 16<\/a><br \/><a href=\"https:\/\/maps.app.goo.gl\/UGmW1oLYFnEBWMKi9\">2502 Biel &#8211; Bienne<\/a><\/p>\n<p>E-Mail: <a href=\"mailto:info@centrodental.ch\">info@centrodental.ch<\/a><\/p>\n<p><strong>Haftungsausschluss<\/strong><br \/>Der Autor \u00fcbernimmt keinerlei Gew\u00e4hr hinsichtlich der inhaltlichen Richtigkeit, Genauigkeit, Aktualit\u00e4t, Zuverl\u00e4ssigkeit und Vollst\u00e4ndigkeit der Informationen. Haftungsanspr\u00fcche gegen den Autor wegen Sch\u00e4den materieller oder immaterieller Art, welche aus dem Zugriff oder der Nutzung bzw. Nichtnutzung der ver\u00f6ffentlichten Informationen, durch Missbrauch der Verbindung oder durch technische St\u00f6rungen entstanden sind, werden ausgeschlossen.<br \/>Alle Angebote sind unverbindlich. Der Autor beh\u00e4lt es sich ausdr\u00fccklich vor, Teile der Seiten oder das gesamte Angebot ohne besondere Ank\u00fcndigung zu ver\u00e4ndern, zu erg\u00e4nzen, zu l\u00f6schen oder die Ver\u00f6ffentlichung zeitweise oder endg\u00fcltig\u00a0einzustellen.<\/p>\n<p><strong>Haftungsausschluss f\u00fcr\u00a0Links<\/strong><br \/>Verweise und Links auf Webseiten Dritter liegen ausserhalb unseres Verantwortungsbereichs. Es wird jegliche Verantwortung f\u00fcr solche Webseiten abgelehnt. Der Zugriff und die Nutzung solcher Webseiten erfolgen auf eigene Gefahr des jeweiligen\u00a0Nutzers.<\/p>\n<p><strong>Urheberrechte<\/strong><br \/>Die Urheber- und alle anderen Rechte an Inhalten, Bildern, Fotos oder anderen Dateien auf dieser Website, geh\u00f6ren ausschliesslich der Firma Centrodental GmbH <span style=\"font-size: 17px;\">oder den speziell genannten Rechteinhabern. F\u00fcr die Reproduktion jeglicher Elemente ist die schriftliche Zustimmung des Urheberrechtstr\u00e4gers im Voraus einzuholen.<\/span><\/p>\n<p>Quelle: SwissAnwalt\u00a0<a href=\"http:\/\/www.swissanwalt.ch\/\" target=\"_blank\" rel=\"noreferrer noopener\">www.swissanwalt.ch<\/a><\/p>\n<p>[\/et_pb_text][\/et_pb_column][\/et_pb_row][\/et_pb_section]<\/p>\n","protected":false},"excerpt":{"rendered":"<p>ImpressumCentrodental GmbHBahnhofstrasse 162502 Biel &#8211; Bienne E-Mail: info@centrodental.ch HaftungsausschlussDer Autor \u00fcbernimmt keinerlei Gew\u00e4hr hinsichtlich der inhaltlichen Richtigkeit, Genauigkeit, Aktualit\u00e4t, Zuverl\u00e4ssigkeit und Vollst\u00e4ndigkeit der Informationen. Haftungsanspr\u00fcche gegen den Autor wegen Sch\u00e4den materieller oder immaterieller Art, welche aus dem Zugriff oder der Nutzung bzw. Nichtnutzung der ver\u00f6ffentlichten Informationen, durch Missbrauch der Verbindung oder durch technische St\u00f6rungen entstanden [&hellip;]<\/p>\n","protected":false},"author":1,"featured_media":0,"parent":0,"menu_order":0,"comment_status":"closed","ping_status":"closed","template":"","meta":{"_et_pb_use_builder":"on","_et_pb_old_content":"<!-- wp:divi\/placeholder \/-->","_et_gb_content_width":"","footnotes":""},"class_list":["post-101","page","type-page","status-publish","hentry"],"yoast_head":"<!-- This site is optimized with the Yoast SEO plugin v27.1 - https:\/\/yoast.com\/product\/yoast-seo-wordpress\/ -->\n<title>Impressum - Zahnprothesen Reparatur<\/title>\n<meta name=\"robots\" content=\"index, follow, max-snippet:-1, max-image-preview:large, max-video-preview:-1\" \/>\n<link rel=\"canonical\" href=\"https:\/\/zahnprothesenreparatur-centrodental.ch\/fr\/impressum\/\" \/>\n<meta property=\"og:locale\" content=\"fr_FR\" \/>\n<meta property=\"og:type\" content=\"article\" \/>\n<meta property=\"og:title\" content=\"Impressum - Zahnprothesen Reparatur\" \/>\n<meta property=\"og:description\" content=\"ImpressumCentrodental GmbHBahnhofstrasse 162502 Biel - Bienne E-Mail: info@centrodental.ch HaftungsausschlussDer Autor \u00fcbernimmt keinerlei Gew\u00e4hr hinsichtlich der inhaltlichen Richtigkeit, Genauigkeit, Aktualit\u00e4t, Zuverl\u00e4ssigkeit und Vollst\u00e4ndigkeit der Informationen. Haftungsanspr\u00fcche gegen den Autor wegen Sch\u00e4den materieller oder immaterieller Art, welche aus dem Zugriff oder der Nutzung bzw. Nichtnutzung der ver\u00f6ffentlichten Informationen, durch Missbrauch der Verbindung oder durch technische St\u00f6rungen entstanden [&hellip;]\" \/>\n<meta property=\"og:url\" content=\"https:\/\/zahnprothesenreparatur-centrodental.ch\/fr\/impressum\/\" \/>\n<meta property=\"og:site_name\" content=\"Zahnprothesen Reparatur\" \/>\n<meta property=\"article:publisher\" content=\"https:\/\/www.facebook.com\/Centrodental.GmbH\" \/>\n<meta property=\"article:modified_time\" content=\"2025-10-22T16:40:53+00:00\" \/>\n<meta name=\"twitter:card\" content=\"summary_large_image\" \/>\n<meta name=\"twitter:label1\" content=\"Dur\u00e9e de lecture estim\u00e9e\" \/>\n\t<meta name=\"twitter:data1\" content=\"3 minutes\" \/>\n<script type=\"application\/ld+json\" class=\"yoast-schema-graph\">{\"@context\":\"https:\/\/schema.org\",\"@graph\":[{\"@type\":\"WebPage\",\"@id\":\"https:\/\/zahnprothesenreparatur-centrodental.ch\/impressum\/\",\"url\":\"https:\/\/zahnprothesenreparatur-centrodental.ch\/impressum\/\",\"name\":\"Impressum - Zahnprothesen Reparatur\",\"isPartOf\":{\"@id\":\"https:\/\/zahnprothesenreparatur-centrodental.ch\/#website\"},\"datePublished\":\"2024-05-29T12:15:36+00:00\",\"dateModified\":\"2025-10-22T16:40:53+00:00\",\"breadcrumb\":{\"@id\":\"https:\/\/zahnprothesenreparatur-centrodental.ch\/impressum\/#breadcrumb\"},\"inLanguage\":\"fr-FR\",\"potentialAction\":[{\"@type\":\"ReadAction\",\"target\":[\"https:\/\/zahnprothesenreparatur-centrodental.ch\/impressum\/\"]}]},{\"@type\":\"BreadcrumbList\",\"@id\":\"https:\/\/zahnprothesenreparatur-centrodental.ch\/impressum\/#breadcrumb\",\"itemListElement\":[{\"@type\":\"ListItem\",\"position\":1,\"name\":\"Startseite\",\"item\":\"https:\/\/zahnprothesenreparatur-centrodental.ch\/\"},{\"@type\":\"ListItem\",\"position\":2,\"name\":\"Impressum\"}]},{\"@type\":\"WebSite\",\"@id\":\"https:\/\/zahnprothesenreparatur-centrodental.ch\/#website\",\"url\":\"https:\/\/zahnprothesenreparatur-centrodental.ch\/\",\"name\":\"Zahnprothesen Reparatur\",\"description\":\"Centrodental GmbH\",\"publisher\":{\"@id\":\"https:\/\/zahnprothesenreparatur-centrodental.ch\/#organization\"},\"potentialAction\":[{\"@type\":\"SearchAction\",\"target\":{\"@type\":\"EntryPoint\",\"urlTemplate\":\"https:\/\/zahnprothesenreparatur-centrodental.ch\/?s={search_term_string}\"},\"query-input\":{\"@type\":\"PropertyValueSpecification\",\"valueRequired\":true,\"valueName\":\"search_term_string\"}}],\"inLanguage\":\"fr-FR\"},{\"@type\":\"Organization\",\"@id\":\"https:\/\/zahnprothesenreparatur-centrodental.ch\/#organization\",\"name\":\"Centrodental GmbH\",\"url\":\"https:\/\/zahnprothesenreparatur-centrodental.ch\/\",\"logo\":{\"@type\":\"ImageObject\",\"inLanguage\":\"fr-FR\",\"@id\":\"https:\/\/zahnprothesenreparatur-centrodental.ch\/#\/schema\/logo\/image\/\",\"url\":\"https:\/\/zahnprothesenreparatur-centrodental.ch\/wp-content\/uploads\/2025\/10\/logo-free.png\",\"contentUrl\":\"https:\/\/zahnprothesenreparatur-centrodental.ch\/wp-content\/uploads\/2025\/10\/logo-free.png\",\"width\":1132,\"height\":204,\"caption\":\"Centrodental GmbH\"},\"image\":{\"@id\":\"https:\/\/zahnprothesenreparatur-centrodental.ch\/#\/schema\/logo\/image\/\"},\"sameAs\":[\"https:\/\/www.facebook.com\/Centrodental.GmbH\",\"https:\/\/www.instagram.com\/centrodental_gmbh\/\"]}]}<\/script>\n<!-- \/ Yoast SEO plugin. -->","yoast_head_json":{"title":"Impressum - Zahnprothesen Reparatur","robots":{"index":"index","follow":"follow","max-snippet":"max-snippet:-1","max-image-preview":"max-image-preview:large","max-video-preview":"max-video-preview:-1"},"canonical":"https:\/\/zahnprothesenreparatur-centrodental.ch\/fr\/impressum\/","og_locale":"fr_FR","og_type":"article","og_title":"Impressum - Zahnprothesen Reparatur","og_description":"ImpressumCentrodental GmbHBahnhofstrasse 162502 Biel - Bienne E-Mail: info@centrodental.ch HaftungsausschlussDer Autor \u00fcbernimmt keinerlei Gew\u00e4hr hinsichtlich der inhaltlichen Richtigkeit, Genauigkeit, Aktualit\u00e4t, Zuverl\u00e4ssigkeit und Vollst\u00e4ndigkeit der Informationen. Haftungsanspr\u00fcche gegen den Autor wegen Sch\u00e4den materieller oder immaterieller Art, welche aus dem Zugriff oder der Nutzung bzw. Nichtnutzung der ver\u00f6ffentlichten Informationen, durch Missbrauch der Verbindung oder durch technische St\u00f6rungen entstanden [&hellip;]","og_url":"https:\/\/zahnprothesenreparatur-centrodental.ch\/fr\/impressum\/","og_site_name":"Zahnprothesen Reparatur","article_publisher":"https:\/\/www.facebook.com\/Centrodental.GmbH","article_modified_time":"2025-10-22T16:40:53+00:00","twitter_card":"summary_large_image","twitter_misc":{"Dur\u00e9e de lecture estim\u00e9e":"3 minutes"},"schema":{"@context":"https:\/\/schema.org","@graph":[{"@type":"WebPage","@id":"https:\/\/zahnprothesenreparatur-centrodental.ch\/impressum\/","url":"https:\/\/zahnprothesenreparatur-centrodental.ch\/impressum\/","name":"Impressum - Zahnprothesen Reparatur","isPartOf":{"@id":"https:\/\/zahnprothesenreparatur-centrodental.ch\/#website"},"datePublished":"2024-05-29T12:15:36+00:00","dateModified":"2025-10-22T16:40:53+00:00","breadcrumb":{"@id":"https:\/\/zahnprothesenreparatur-centrodental.ch\/impressum\/#breadcrumb"},"inLanguage":"fr-FR","potentialAction":[{"@type":"ReadAction","target":["https:\/\/zahnprothesenreparatur-centrodental.ch\/impressum\/"]}]},{"@type":"BreadcrumbList","@id":"https:\/\/zahnprothesenreparatur-centrodental.ch\/impressum\/#breadcrumb","itemListElement":[{"@type":"ListItem","position":1,"name":"Startseite","item":"https:\/\/zahnprothesenreparatur-centrodental.ch\/"},{"@type":"ListItem","position":2,"name":"Impressum"}]},{"@type":"WebSite","@id":"https:\/\/zahnprothesenreparatur-centrodental.ch\/#website","url":"https:\/\/zahnprothesenreparatur-centrodental.ch\/","name":"Zahnprothesen Reparatur","description":"Centrodental GmbH","publisher":{"@id":"https:\/\/zahnprothesenreparatur-centrodental.ch\/#organization"},"potentialAction":[{"@type":"SearchAction","target":{"@type":"EntryPoint","urlTemplate":"https:\/\/zahnprothesenreparatur-centrodental.ch\/?s={search_term_string}"},"query-input":{"@type":"PropertyValueSpecification","valueRequired":true,"valueName":"search_term_string"}}],"inLanguage":"fr-FR"},{"@type":"Organization","@id":"https:\/\/zahnprothesenreparatur-centrodental.ch\/#organization","name":"Centrodental GmbH","url":"https:\/\/zahnprothesenreparatur-centrodental.ch\/","logo":{"@type":"ImageObject","inLanguage":"fr-FR","@id":"https:\/\/zahnprothesenreparatur-centrodental.ch\/#\/schema\/logo\/image\/","url":"https:\/\/zahnprothesenreparatur-centrodental.ch\/wp-content\/uploads\/2025\/10\/logo-free.png","contentUrl":"https:\/\/zahnprothesenreparatur-centrodental.ch\/wp-content\/uploads\/2025\/10\/logo-free.png","width":1132,"height":204,"caption":"Centrodental GmbH"},"image":{"@id":"https:\/\/zahnprothesenreparatur-centrodental.ch\/#\/schema\/logo\/image\/"},"sameAs":["https:\/\/www.facebook.com\/Centrodental.GmbH","https:\/\/www.instagram.com\/centrodental_gmbh\/"]}]}},"_links":{"self":[{"href":"https:\/\/zahnprothesenreparatur-centrodental.ch\/fr\/wp-json\/wp\/v2\/pages\/101","targetHints":{"allow":["GET"]}}],"collection":[{"href":"https:\/\/zahnprothesenreparatur-centrodental.ch\/fr\/wp-json\/wp\/v2\/pages"}],"about":[{"href":"https:\/\/zahnprothesenreparatur-centrodental.ch\/fr\/wp-json\/wp\/v2\/types\/page"}],"author":[{"embeddable":true,"href":"https:\/\/zahnprothesenreparatur-centrodental.ch\/fr\/wp-json\/wp\/v2\/users\/1"}],"replies":[{"embeddable":true,"href":"https:\/\/zahnprothesenreparatur-centrodental.ch\/fr\/wp-json\/wp\/v2\/comments?post=101"}],"version-history":[{"count":14,"href":"https:\/\/zahnprothesenreparatur-centrodental.ch\/fr\/wp-json\/wp\/v2\/pages\/101\/revisions"}],"predecessor-version":[{"id":1087,"href":"https:\/\/zahnprothesenreparatur-centrodental.ch\/fr\/wp-json\/wp\/v2\/pages\/101\/revisions\/1087"}],"wp:attachment":[{"href":"https:\/\/zahnprothesenreparatur-centrodental.ch\/fr\/wp-json\/wp\/v2\/media?parent=101"}],"curies":[{"name":"wp","href":"https:\/\/api.w.org\/{rel}","templated":true}]}}