{"id":9,"date":"2024-05-16T15:12:34","date_gmt":"2024-05-16T15:12:34","guid":{"rendered":"https:\/\/zahnprothesenreparatur-centrodental.ch\/?page_id=9"},"modified":"2025-10-30T23:07:30","modified_gmt":"2025-10-30T23:07:30","slug":"zahnprothesen-reparatur","status":"publish","type":"page","link":"https:\/\/zahnprothesenreparatur-centrodental.ch\/fr\/","title":{"rendered":"Zahnprothesen Reparatur"},"content":{"rendered":"<p>[et_pb_section fb_built=&#187;1&#8243; custom_padding_last_edited=&#187;on|phone&#187; _builder_version=&#187;4.27.4&#8243; _module_preset=&#187;default&#187; background_image=&#187;https:\/\/zahnprothesenreparatur-centrodental.ch\/wp-content\/uploads\/2025\/10\/Zahnprothesen-Reparatur-\u2013-Centrodental-GmbH-e1760722020680.jpg&#187; custom_margin=&#187;||||false|false&#187; custom_padding=&#187;275px||275px||true|false&#187; custom_padding_tablet=&#187;200px||200px||true|false&#187; custom_padding_phone=&#187;125px||125px||true|false&#187; hover_enabled=&#187;0&#8243; global_colors_info=&#187;{}&#187; sticky_enabled=&#187;0&#8243;][\/et_pb_section][et_pb_section fb_built=&#187;1&#8243; custom_padding_last_edited=&#187;on|tablet&#187; _builder_version=&#187;4.27.4&#8243; _module_preset=&#187;default&#187; background_color=&#187;RGBA(255,255,255,0)&#187; background_enable_image=&#187;off&#187; custom_padding=&#187;||||false|false&#187; custom_padding_tablet=&#187;0px||0px||true|false&#187; custom_padding_phone=&#187;0px||0px||true|false&#187; global_colors_info=&#187;{}&#187;][et_pb_row custom_padding_last_edited=&#187;on|tablet&#187; _builder_version=&#187;4.27.0&#8243; _module_preset=&#187;default&#187; width_tablet=&#187;90%&#187; width_phone=&#187;90%&#187; width_last_edited=&#187;on|tablet&#187; custom_margin_tablet=&#187;||||false|false&#187; custom_margin_last_edited=&#187;off|tablet&#187; custom_padding_tablet=&#187;||0px||false|false&#187; custom_padding_phone=&#187;||0px||false|false&#187; global_colors_info=&#187;{}&#187;][et_pb_column type=&#187;4_4&#8243; _builder_version=&#187;4.16&#8243; _module_preset=&#187;default&#187; global_colors_info=&#187;{}&#187;][et_pb_text _builder_version=&#187;4.27.4&#8243; _module_preset=&#187;default&#187; text_font=&#187;&#8211;et_global_body_font|||on|||||&#187; text_text_color=&#187;gcid-heading-color&#187; text_font_size=&#187;16px&#187; text_line_height=&#187;1.3em&#187; text_orientation=&#187;center&#187; custom_margin=&#187;||0px||false|false&#187; text_font_size_tablet=&#187;16px&#187; text_font_size_phone=&#187;16px&#187; text_font_size_last_edited=&#187;on|phone&#187; global_colors_info=&#187;{%22gcid-heading-color%22:%91%22text_text_color%22%93}&#187;]<\/p>\n<p>Ihrem f\u00fchrenden zahntechnischen Labor in Biel \/ Thun und Umgebung<\/p>\n<p>[\/et_pb_text][et_pb_text _builder_version=&#187;4.27.4&#8243; _module_preset=&#187;default&#187; header_font=&#187;&#8211;et_global_heading_font|600|||||||&#187; header_text_align=&#187;center&#187; header_text_color=&#187;gcid-heading-color&#187; custom_margin=&#187;||||false|false&#187; header_font_size_tablet=&#187;36px&#187; header_font_size_phone=&#187;30px&#187; header_font_size_last_edited=&#187;on|phone&#187; global_colors_info=&#187;{%22gcid-heading-color%22:%91%22header_text_color%22%93}&#187;]<\/p>\n<h1>Zahnprothesen Reparatur &#8211; Centrodental GmbH<\/h1>\n<p>[\/et_pb_text][et_pb_button button_url=&#187;@ET-DC@eyJkeW5hbWljIjp0cnVlLCJjb250ZW50IjoicG9zdF9saW5rX3VybF9wYWdlIiwic2V0dGluZ3MiOnsicG9zdF9pZCI6IjgzMiJ9fQ==@&#187; button_text=&#187;Jetzt Reparatur anfragen&#187; button_alignment=&#187;center&#187; _builder_version=&#187;4.27.4&#8243; _dynamic_attributes=&#187;button_url&#187; _module_preset=&#187;default&#187; custom_button=&#187;on&#187; button_text_size=&#187;16px&#187; button_text_color=&#187;#FFFFFF&#187; button_bg_color=&#187;gcid-primary-color&#187; button_border_color=&#187;gcid-primary-color&#187; button_border_radius=&#187;8px&#187; button_font=&#187;&#8211;et_global_heading_font||||||||&#187; button_use_icon=&#187;off&#187; custom_padding=&#187;6px|24px|6px|24px|true|true&#187; custom_padding_tablet=&#187;6px|24px|6px|24px|true|true&#187; custom_padding_phone=&#187;6px|16px|6px|16px|true|true&#187; custom_padding_last_edited=&#187;on|desktop&#187; button_text_size_tablet=&#187;16px&#187; button_text_size_phone=&#187;14px&#187; button_text_size_last_edited=&#187;on|tablet&#187; global_colors_info=&#187;{%22gcid-heading-color%22:%91%22button_text_color__hover%22%93,%22gcid-primary-color%22:%91%22button_bg_color%22,%22button_border_color%22%93}&#187; button_bg_color__hover_enabled=&#187;on|hover&#187; button_bg_color__hover=&#187;#FFFFFF&#187; button_bg_enable_color__hover=&#187;on&#187; button_border_color__hover_enabled=&#187;on|hover&#187; button_border_color__hover=&#187;#FFFFFF&#187; button_text_color__hover_enabled=&#187;on|hover&#187; button_text_color__hover=&#187;#c8d400&#8243;][\/et_pb_button][\/et_pb_column][\/et_pb_row][et_pb_row column_structure=&#187;1_2,1_2&#8243; disabled_on=&#187;off|off|off&#187; _builder_version=&#187;4.27.4&#8243; _module_preset=&#187;default&#187; width_tablet=&#187;90%&#187; width_phone=&#187;90%&#187; width_last_edited=&#187;on|tablet&#187; custom_margin=&#187;||||false|false&#187; custom_padding=&#187;||||false|false&#187; global_colors_info=&#187;{}&#187;][et_pb_column type=&#187;1_2&#8243; _builder_version=&#187;4.16&#8243; _module_preset=&#187;default&#187; global_colors_info=&#187;{}&#187;][et_pb_text disabled_on=&#187;off|off|off&#187; _builder_version=&#187;4.27.4&#8243; _module_preset=&#187;default&#187; text_font=&#187;&#8211;et_global_body_font||||||||&#187; text_text_color=&#187;gcid-body-color&#187; text_font_size_tablet=&#187;16px&#187; text_font_size_phone=&#187;14px&#187; text_font_size_last_edited=&#187;on|tablet&#187; text_orientation_tablet=&#187;&#187; text_orientation_phone=&#187;&#187; text_orientation_last_edited=&#187;on|phone&#187; global_colors_info=&#187;{%22gcid-body-color%22:%91%22text_text_color%22%93,%22gcid-e6f8585f-043d-4f05-ad96-fb05b9e45208%22:%91%22text_text_color%22%93}&#187;]<\/p>\n<p>Ein pl\u00f6tzlicher Schaden an Ihrer Zahnprothese ist ein Notfall, der den gesamten Alltag beeintr\u00e4chtigt. Die F\u00e4higkeit, unbeschwert zu essen, klar zu sprechen und selbstbewusst zu l\u00e4cheln, ist von einem Moment auf den anderen eingeschr\u00e4nkt. In dieser dringenden Situation ist eine schnelle, verl\u00e4ssliche und vor allem fachgerechte L\u00f6sung entscheidend. Genau hier setzt die Expertise von Centrodental an. Als Ihr spezialisiertes zahntechnisches Meisterlabor konzentrieren wir uns voll und ganz auf die professionelle Zahnprothesen Reparatur.<\/p>\n<p>[\/et_pb_text][\/et_pb_column][et_pb_column type=&#187;1_2&#8243; _builder_version=&#187;4.16&#8243; _module_preset=&#187;default&#187; global_colors_info=&#187;{}&#187;][et_pb_text disabled_on=&#187;off|off|off&#187; _builder_version=&#187;4.27.4&#8243; _module_preset=&#187;default&#187; text_font=&#187;&#8211;et_global_body_font||||||||&#187; text_text_color=&#187;gcid-body-color&#187; text_font_size_tablet=&#187;16px&#187; text_font_size_phone=&#187;14px&#187; text_font_size_last_edited=&#187;on|phone&#187; text_orientation_tablet=&#187;&#187; text_orientation_phone=&#187;&#187; text_orientation_last_edited=&#187;on|phone&#187; global_colors_info=&#187;{%22gcid-body-color%22:%91%22text_text_color%22,%22text_text_color%22%93,%22gcid-e6f8585f-043d-4f05-ad96-fb05b9e45208%22:%91%22text_text_color%22,%22text_text_color%22,%22text_text_color%22%93}&#187;]<\/p>\n<p>Unsere erfahrenen Zahntechniker verstehen die Dringlichkeit und setzen modernste Technologien sowie hochwertige Materialien ein, um Ihre Prothese oft noch am selben Tag instand zu setzen. Ob ein Bruch, ein Riss oder ein herausgefallener Zahn \u2013 wir stellen die urspr\u00fcngliche Funktion und \u00c4sthetik pr\u00e4zise wieder her. F\u00fcr die Regionen Biel, Bern und Solothurn sind wir die erste Anlaufstelle f\u00fcr schnelle und dauerhafte Reparaturen, damit Sie schnellstm\u00f6glich wieder zu Ihrer gewohnten Lebensqualit\u00e4t zur\u00fcckfinden. Vertrauen Sie auf einen Partner, der Ihr Problem versteht und es kompetent l\u00f6st.<\/p>\n<p>[\/et_pb_text][\/et_pb_column][\/et_pb_row][\/et_pb_section]<\/p>\n","protected":false},"excerpt":{"rendered":"<p>Ihrem f\u00fchrenden zahntechnischen Labor in Biel \/ Thun und UmgebungZahnprothesen Reparatur &#8211; Centrodental GmbHEin pl\u00f6tzlicher Schaden an Ihrer Zahnprothese ist ein Notfall, der den gesamten Alltag beeintr\u00e4chtigt. Die F\u00e4higkeit, unbeschwert zu essen, klar zu sprechen und selbstbewusst zu l\u00e4cheln, ist von einem Moment auf den anderen eingeschr\u00e4nkt. In dieser dringenden Situation ist eine schnelle, verl\u00e4ssliche [&hellip;]<\/p>\n","protected":false},"author":1,"featured_media":0,"parent":0,"menu_order":1,"comment_status":"closed","ping_status":"closed","template":"","meta":{"_et_pb_use_builder":"on","_et_pb_old_content":"<!-- wp:divi\/placeholder \/-->","_et_gb_content_width":"","footnotes":""},"class_list":["post-9","page","type-page","status-publish","hentry"],"yoast_head":"<!-- This site is optimized with the Yoast SEO plugin v27.1 - https:\/\/yoast.com\/product\/yoast-seo-wordpress\/ -->\n<title>Zahnprothesen Reparatur - Zahnprothesen Reparatur<\/title>\n<meta name=\"robots\" content=\"index, follow, max-snippet:-1, max-image-preview:large, max-video-preview:-1\" \/>\n<link rel=\"canonical\" href=\"https:\/\/zahnprothesenreparatur-centrodental.ch\/fr\/\" \/>\n<meta property=\"og:locale\" content=\"fr_FR\" \/>\n<meta property=\"og:type\" content=\"article\" \/>\n<meta property=\"og:title\" content=\"Zahnprothesen Reparatur - Zahnprothesen Reparatur\" \/>\n<meta property=\"og:description\" content=\"Ihrem f\u00fchrenden zahntechnischen Labor in Biel \/ Thun und UmgebungZahnprothesen Reparatur - Centrodental GmbHEin pl\u00f6tzlicher Schaden an Ihrer Zahnprothese ist ein Notfall, der den gesamten Alltag beeintr\u00e4chtigt. Die F\u00e4higkeit, unbeschwert zu essen, klar zu sprechen und selbstbewusst zu l\u00e4cheln, ist von einem Moment auf den anderen eingeschr\u00e4nkt. In dieser dringenden Situation ist eine schnelle, verl\u00e4ssliche [&hellip;]\" \/>\n<meta property=\"og:url\" content=\"https:\/\/zahnprothesenreparatur-centrodental.ch\/fr\/\" \/>\n<meta property=\"og:site_name\" content=\"Zahnprothesen Reparatur\" \/>\n<meta property=\"article:publisher\" content=\"https:\/\/www.facebook.com\/Centrodental.GmbH\" \/>\n<meta property=\"article:modified_time\" content=\"2025-10-30T23:07:30+00:00\" \/>\n<meta name=\"twitter:card\" content=\"summary_large_image\" \/>\n<meta name=\"twitter:label1\" content=\"Dur\u00e9e de lecture estim\u00e9e\" \/>\n\t<meta name=\"twitter:data1\" content=\"4 minutes\" \/>\n<script type=\"application\/ld+json\" class=\"yoast-schema-graph\">{\"@context\":\"https:\/\/schema.org\",\"@graph\":[{\"@type\":\"WebPage\",\"@id\":\"https:\/\/zahnprothesenreparatur-centrodental.ch\/\",\"url\":\"https:\/\/zahnprothesenreparatur-centrodental.ch\/\",\"name\":\"Zahnprothesen Reparatur - Zahnprothesen Reparatur\",\"isPartOf\":{\"@id\":\"https:\/\/zahnprothesenreparatur-centrodental.ch\/#website\"},\"datePublished\":\"2024-05-16T15:12:34+00:00\",\"dateModified\":\"2025-10-30T23:07:30+00:00\",\"breadcrumb\":{\"@id\":\"https:\/\/zahnprothesenreparatur-centrodental.ch\/#breadcrumb\"},\"inLanguage\":\"fr-FR\",\"potentialAction\":[{\"@type\":\"ReadAction\",\"target\":[\"https:\/\/zahnprothesenreparatur-centrodental.ch\/\"]}]},{\"@type\":\"BreadcrumbList\",\"@id\":\"https:\/\/zahnprothesenreparatur-centrodental.ch\/#breadcrumb\",\"itemListElement\":[{\"@type\":\"ListItem\",\"position\":1,\"name\":\"Startseite\",\"item\":\"https:\/\/zahnprothesenreparatur-centrodental.ch\/\"},{\"@type\":\"ListItem\",\"position\":2,\"name\":\"Zahnprothesen Reparatur\"}]},{\"@type\":\"WebSite\",\"@id\":\"https:\/\/zahnprothesenreparatur-centrodental.ch\/#website\",\"url\":\"https:\/\/zahnprothesenreparatur-centrodental.ch\/\",\"name\":\"Zahnprothesen Reparatur\",\"description\":\"Centrodental GmbH\",\"publisher\":{\"@id\":\"https:\/\/zahnprothesenreparatur-centrodental.ch\/#organization\"},\"potentialAction\":[{\"@type\":\"SearchAction\",\"target\":{\"@type\":\"EntryPoint\",\"urlTemplate\":\"https:\/\/zahnprothesenreparatur-centrodental.ch\/?s={search_term_string}\"},\"query-input\":{\"@type\":\"PropertyValueSpecification\",\"valueRequired\":true,\"valueName\":\"search_term_string\"}}],\"inLanguage\":\"fr-FR\"},{\"@type\":\"Organization\",\"@id\":\"https:\/\/zahnprothesenreparatur-centrodental.ch\/#organization\",\"name\":\"Centrodental GmbH\",\"url\":\"https:\/\/zahnprothesenreparatur-centrodental.ch\/\",\"logo\":{\"@type\":\"ImageObject\",\"inLanguage\":\"fr-FR\",\"@id\":\"https:\/\/zahnprothesenreparatur-centrodental.ch\/#\/schema\/logo\/image\/\",\"url\":\"https:\/\/zahnprothesenreparatur-centrodental.ch\/wp-content\/uploads\/2025\/10\/logo-free.png\",\"contentUrl\":\"https:\/\/zahnprothesenreparatur-centrodental.ch\/wp-content\/uploads\/2025\/10\/logo-free.png\",\"width\":1132,\"height\":204,\"caption\":\"Centrodental GmbH\"},\"image\":{\"@id\":\"https:\/\/zahnprothesenreparatur-centrodental.ch\/#\/schema\/logo\/image\/\"},\"sameAs\":[\"https:\/\/www.facebook.com\/Centrodental.GmbH\",\"https:\/\/www.instagram.com\/centrodental_gmbh\/\"]}]}<\/script>\n<!-- \/ Yoast SEO plugin. -->","yoast_head_json":{"title":"Zahnprothesen Reparatur - Zahnprothesen Reparatur","robots":{"index":"index","follow":"follow","max-snippet":"max-snippet:-1","max-image-preview":"max-image-preview:large","max-video-preview":"max-video-preview:-1"},"canonical":"https:\/\/zahnprothesenreparatur-centrodental.ch\/fr\/","og_locale":"fr_FR","og_type":"article","og_title":"Zahnprothesen Reparatur - Zahnprothesen Reparatur","og_description":"Ihrem f\u00fchrenden zahntechnischen Labor in Biel \/ Thun und UmgebungZahnprothesen Reparatur - Centrodental GmbHEin pl\u00f6tzlicher Schaden an Ihrer Zahnprothese ist ein Notfall, der den gesamten Alltag beeintr\u00e4chtigt. Die F\u00e4higkeit, unbeschwert zu essen, klar zu sprechen und selbstbewusst zu l\u00e4cheln, ist von einem Moment auf den anderen eingeschr\u00e4nkt. In dieser dringenden Situation ist eine schnelle, verl\u00e4ssliche [&hellip;]","og_url":"https:\/\/zahnprothesenreparatur-centrodental.ch\/fr\/","og_site_name":"Zahnprothesen Reparatur","article_publisher":"https:\/\/www.facebook.com\/Centrodental.GmbH","article_modified_time":"2025-10-30T23:07:30+00:00","twitter_card":"summary_large_image","twitter_misc":{"Dur\u00e9e de lecture estim\u00e9e":"4 minutes"},"schema":{"@context":"https:\/\/schema.org","@graph":[{"@type":"WebPage","@id":"https:\/\/zahnprothesenreparatur-centrodental.ch\/","url":"https:\/\/zahnprothesenreparatur-centrodental.ch\/","name":"Zahnprothesen Reparatur - Zahnprothesen Reparatur","isPartOf":{"@id":"https:\/\/zahnprothesenreparatur-centrodental.ch\/#website"},"datePublished":"2024-05-16T15:12:34+00:00","dateModified":"2025-10-30T23:07:30+00:00","breadcrumb":{"@id":"https:\/\/zahnprothesenreparatur-centrodental.ch\/#breadcrumb"},"inLanguage":"fr-FR","potentialAction":[{"@type":"ReadAction","target":["https:\/\/zahnprothesenreparatur-centrodental.ch\/"]}]},{"@type":"BreadcrumbList","@id":"https:\/\/zahnprothesenreparatur-centrodental.ch\/#breadcrumb","itemListElement":[{"@type":"ListItem","position":1,"name":"Startseite","item":"https:\/\/zahnprothesenreparatur-centrodental.ch\/"},{"@type":"ListItem","position":2,"name":"Zahnprothesen Reparatur"}]},{"@type":"WebSite","@id":"https:\/\/zahnprothesenreparatur-centrodental.ch\/#website","url":"https:\/\/zahnprothesenreparatur-centrodental.ch\/","name":"Zahnprothesen Reparatur","description":"Centrodental GmbH","publisher":{"@id":"https:\/\/zahnprothesenreparatur-centrodental.ch\/#organization"},"potentialAction":[{"@type":"SearchAction","target":{"@type":"EntryPoint","urlTemplate":"https:\/\/zahnprothesenreparatur-centrodental.ch\/?s={search_term_string}"},"query-input":{"@type":"PropertyValueSpecification","valueRequired":true,"valueName":"search_term_string"}}],"inLanguage":"fr-FR"},{"@type":"Organization","@id":"https:\/\/zahnprothesenreparatur-centrodental.ch\/#organization","name":"Centrodental GmbH","url":"https:\/\/zahnprothesenreparatur-centrodental.ch\/","logo":{"@type":"ImageObject","inLanguage":"fr-FR","@id":"https:\/\/zahnprothesenreparatur-centrodental.ch\/#\/schema\/logo\/image\/","url":"https:\/\/zahnprothesenreparatur-centrodental.ch\/wp-content\/uploads\/2025\/10\/logo-free.png","contentUrl":"https:\/\/zahnprothesenreparatur-centrodental.ch\/wp-content\/uploads\/2025\/10\/logo-free.png","width":1132,"height":204,"caption":"Centrodental GmbH"},"image":{"@id":"https:\/\/zahnprothesenreparatur-centrodental.ch\/#\/schema\/logo\/image\/"},"sameAs":["https:\/\/www.facebook.com\/Centrodental.GmbH","https:\/\/www.instagram.com\/centrodental_gmbh\/"]}]}},"_links":{"self":[{"href":"https:\/\/zahnprothesenreparatur-centrodental.ch\/fr\/wp-json\/wp\/v2\/pages\/9","targetHints":{"allow":["GET"]}}],"collection":[{"href":"https:\/\/zahnprothesenreparatur-centrodental.ch\/fr\/wp-json\/wp\/v2\/pages"}],"about":[{"href":"https:\/\/zahnprothesenreparatur-centrodental.ch\/fr\/wp-json\/wp\/v2\/types\/page"}],"author":[{"embeddable":true,"href":"https:\/\/zahnprothesenreparatur-centrodental.ch\/fr\/wp-json\/wp\/v2\/users\/1"}],"replies":[{"embeddable":true,"href":"https:\/\/zahnprothesenreparatur-centrodental.ch\/fr\/wp-json\/wp\/v2\/comments?post=9"}],"version-history":[{"count":151,"href":"https:\/\/zahnprothesenreparatur-centrodental.ch\/fr\/wp-json\/wp\/v2\/pages\/9\/revisions"}],"predecessor-version":[{"id":1092,"href":"https:\/\/zahnprothesenreparatur-centrodental.ch\/fr\/wp-json\/wp\/v2\/pages\/9\/revisions\/1092"}],"wp:attachment":[{"href":"https:\/\/zahnprothesenreparatur-centrodental.ch\/fr\/wp-json\/wp\/v2\/media?parent=9"}],"curies":[{"name":"wp","href":"https:\/\/api.w.org\/{rel}","templated":true}]}}